{"id":18893,"date":"2026-03-15T20:28:17","date_gmt":"2026-03-15T12:28:17","guid":{"rendered":"https:\/\/eupork.sosee.online\/?page_id=18893"},"modified":"2026-03-23T15:05:16","modified_gmt":"2026-03-23T07:05:16","slug":"legal-notice","status":"publish","type":"page","link":"https:\/\/www.eupork.eu\/vi\/legal-notice\/","title":{"rendered":"Th\u00f4ng b\u00e1o ph\u00e1p l\u00fd"},"content":{"rendered":"<h1 class=\"wp-block-heading\">L\u1eddi c\u1ea3nh b\u00e1o c\u1ee7a MAPA<\/h1>\n\n\n\n<p>VI:<\/p>\n\n\n\n<p>D\u1ef1 \u00e1n \u0111\u01b0\u1ee3c t\u00e0i tr\u1ee3 b\u1edfi Li\u00ean minh Ch\u00e2u \u00c2u. C\u00e1c \u00fd ki\u1ebfn v\u00e0 quan \u0111i\u1ec3m \u0111\u01b0\u1ee3c tr\u00ecnh b\u00e0y trong t\u00e0i li\u1ec7u n\u00e0y ho\u00e0n to\u00e0n thu\u1ed9c v\u1ec1 t\u00e1c gi\u1ea3 (c\u00e1c t\u00e1c gi\u1ea3) v\u00e0 kh\u00f4ng nh\u1ea5t thi\u1ebft ph\u1ea3n \u00e1nh quan \u0111i\u1ec3m c\u1ee7a Li\u00ean minh Ch\u00e2u \u00c2u ho\u1eb7c B\u1ed9 N\u00f4ng nghi\u1ec7p, Th\u1ee7y s\u1ea3n v\u00e0 Th\u1ef1c ph\u1ea9m T\u00e2y Ban Nha. Li\u00ean minh Ch\u00e2u \u00c2u c\u0169ng nh\u01b0 c\u01a1 quan c\u1ea5p t\u00e0i tr\u1ee3 kh\u00f4ng ch\u1ecbu tr\u00e1ch nhi\u1ec7m v\u1ec1 nh\u1eefng n\u1ed9i dung n\u00e0y.<\/p>\n\n\n\n<p>VN:<\/p>\n\n\n\n<p>\u0110\u01b0\u1ee3c t\u00e0i tr\u1ee3 b\u1edfi Li\u00ean minh Ch\u00e2u \u00c2u. C\u00e1c quan \u0111i\u1ec3m v\u00e0 \u00fd ki\u1ebfn \u0111\u01b0\u1ee3c n\u00eau ra ch\u1ec9 l\u00e0 c\u1ee7a t\u00e1c gi\u1ea3 v\u00e0 kh\u00f4ng nh\u1ea5t thi\u1ebft ph\u1ea3n \u00e1nh quan \u0111i\u1ec3m c\u1ee7a Li\u00ean minh Ch\u00e2u \u00c2u ho\u1eb7c B\u1ed9 N\u00f4ng nghi\u1ec7p, Th\u1ee7y s\u1ea3n v\u00e0 Th\u1ef1c ph\u1ea9m T\u00e2y Ban Nha. C\u1ea3 Li\u00ean minh Ch\u00e2u \u00c2u l\u1eabn c\u01a1 quan c\u1ea5p ph\u00e9p \u0111\u1ec1u kh\u00f4ng ch\u1ecbu tr\u00e1ch nhi\u1ec7m v\u1ec1 nh\u1eefng n\u1ed9i dung n\u00e0y.<\/p>\n\n\n\n<p>KR:<\/p>\n\n\n\n<p>Chi\u1ebfn d\u1ecbch n\u00e0y \u0111\u01b0\u1ee3c Li\u00ean minh Ch\u00e2u \u00c2u (EU) t\u00e0i tr\u1ee3. Tuy nhi\u00ean, c\u00e1c quan \u0111i\u1ec3m v\u00e0 \u00fd ki\u1ebfn \u0111\u01b0\u1ee3c tr\u00ecnh b\u00e0y tr\u00ean trang web n\u00e0y ho\u00e0n to\u00e0n thu\u1ed9c v\u1ec1 t\u00e1c gi\u1ea3 v\u00e0 kh\u00f4ng nh\u1ea5t thi\u1ebft ph\u1ea3n \u00e1nh quan \u0111i\u1ec3m ch\u00ednh th\u1ee9c c\u1ee7a Li\u00ean minh Ch\u00e2u \u00c2u ho\u1eb7c B\u1ed9 N\u00f4ng nghi\u1ec7p, L\u00e2m nghi\u1ec7p, Th\u1ee7y s\u1ea3n v\u00e0 Th\u1ef1c ph\u1ea9m T\u00e2y Ban Nha. Li\u00ean minh Ch\u00e2u \u00c2u ho\u1eb7c c\u01a1 quan t\u00e0i tr\u1ee3 kh\u00f4ng ch\u1ecbu b\u1ea5t k\u1ef3 tr\u00e1ch nhi\u1ec7m n\u00e0o \u0111\u1ed1i v\u1edbi n\u1ed9i dung n\u00e0y.<\/p>","protected":false},"excerpt":{"rendered":"<p>MAPA&#8217;s disclaimer EN: Funded by the European Union. The opinions and views expressed are those of the author(s) alone and do not necessarily reflect those of the European Union or&hellip;<\/p>","protected":false},"author":1,"featured_media":0,"parent":0,"menu_order":0,"comment_status":"closed","ping_status":"closed","template":"","meta":{"footnotes":""},"class_list":["post-18893","page","type-page","status-publish","hentry"],"_links":{"self":[{"href":"https:\/\/www.eupork.eu\/vi\/wp-json\/wp\/v2\/pages\/18893","targetHints":{"allow":["GET"]}}],"collection":[{"href":"https:\/\/www.eupork.eu\/vi\/wp-json\/wp\/v2\/pages"}],"about":[{"href":"https:\/\/www.eupork.eu\/vi\/wp-json\/wp\/v2\/types\/page"}],"author":[{"embeddable":true,"href":"https:\/\/www.eupork.eu\/vi\/wp-json\/wp\/v2\/users\/1"}],"replies":[{"embeddable":true,"href":"https:\/\/www.eupork.eu\/vi\/wp-json\/wp\/v2\/comments?post=18893"}],"version-history":[{"count":2,"href":"https:\/\/www.eupork.eu\/vi\/wp-json\/wp\/v2\/pages\/18893\/revisions"}],"predecessor-version":[{"id":18896,"href":"https:\/\/www.eupork.eu\/vi\/wp-json\/wp\/v2\/pages\/18893\/revisions\/18896"}],"wp:attachment":[{"href":"https:\/\/www.eupork.eu\/vi\/wp-json\/wp\/v2\/media?parent=18893"}],"curies":[{"name":"wp","href":"https:\/\/api.w.org\/{rel}","templated":true}]}}